{"id":26,"date":"2015-08-11T17:39:12","date_gmt":"2015-08-11T15:39:12","guid":{"rendered":"http:\/\/www.puntoevirgolamamma.it\/?page_id=26"},"modified":"2023-07-18T18:31:24","modified_gmt":"2023-07-18T16:31:24","slug":"info","status":"publish","type":"page","link":"https:\/\/www.puntoevirgolamamma.it\/index.php\/info\/","title":{"rendered":"Chi sono"},"content":{"rendered":"<!--CusAdsVi1--><p><img loading=\"lazy\" class=\"alignright size-medium wp-image-939\" src=\"http:\/\/www.puntoevirgolamamma.it\/wp-content\/uploads\/2015\/08\/Chiara-foto-300x227.jpg\" alt=\"chiara-foto\" width=\"300\" height=\"227\" srcset=\"https:\/\/www.puntoevirgolamamma.it\/wp-content\/uploads\/2015\/08\/Chiara-foto-300x227.jpg 300w, https:\/\/www.puntoevirgolamamma.it\/wp-content\/uploads\/2015\/08\/Chiara-foto-768x582.jpg 768w, https:\/\/www.puntoevirgolamamma.it\/wp-content\/uploads\/2015\/08\/Chiara-foto-1024x776.jpg 1024w, https:\/\/www.puntoevirgolamamma.it\/wp-content\/uploads\/2015\/08\/Chiara-foto-750x568.jpg 750w\" sizes=\"(max-width: 300px) 100vw, 300px\" \/>Ciao a tutti,<br \/>\nmi chiamo Chiara ho 33 anni, sono mamma di una Principessa Ribelle di dieci anni di nome Sofia e sono una Web Content Editor. Scrivo sul web da anni, ma questo \u00e8 il mio primo vero progetto. Punto e Virgola Mamma nasce dal desiderio di unire la mia passione per la scrittura alla mia passione per il ruolo di mamma.<br \/>\nHo scelto questo nome perch\u00e9 il punto e virgola nella scrittura segna la fine di un periodo, ma lascia aperta la porta per qualcosa di nuovo. Questo \u00e8 ci\u00f2 che \u00e8 successo a me quando sono rimasta incinta. Diventare mamma \u00e8 stata la mia rinascita, in quel momento ho chiuso un periodo della mia vita e sono nata di nuovo, insieme alla mia bambina.<br \/>\nOra vivo per mia figlia, e mi piace scrivere di lei, di quello che viviamo, di come lo viviamo. Io e Sofia ci divertiamo ad inventare tante favole, ogni sera prima di andare a dormire, e ci piace condividerle\u00a0 con voi. E&#8217; il nostro momento quotidiano pi\u00f9 bello, quando illuminate dalla sola luce della lampada ci mettiamo nel lettone ed entriamo nel mondo della fantasia, cercando di creare sempre qualche favola della buonanotte diversa. Io, ovviamente, quando lei si addormenta scrivo quello che ricordo sul cellulare, e poi la riscrivo in bella. Queste favole un giorno realizzeranno il mio sogno di scrivere un libro per bambini, ne sono sicura. E sar\u00e0 tutto merito di Sofia. E&#8217; sempre tutto merito di Sofia.<br \/>\nIl mondo delle mamme blogger \u00e8 un mondo bellissimo, e sono felice di farne parte.<\/p><!--CusRndVi-->\n<p>Chiara<\/p>\n\n<div style=\"font-size: 0px; height: 0px; line-height: 0px; margin: 0; padding: 0; clear: both;\"><\/div>","protected":false},"excerpt":{"rendered":"<p>Ciao a tutti, mi chiamo Chiara ho 33 anni, sono mamma di una Principessa Ribelle di dieci anni di nome Sofia e sono una Web Content Editor. Scrivo sul web da anni, ma questo \u00e8 il mio primo vero progetto. Punto e Virgola Mamma nasce dal desiderio di unire la mia passione per la scrittura [&#8230;]<\/p>\n","protected":false},"author":1,"featured_media":0,"parent":0,"menu_order":0,"comment_status":"open","ping_status":"open","template":"","meta":[],"_links":{"self":[{"href":"https:\/\/www.puntoevirgolamamma.it\/index.php\/wp-json\/wp\/v2\/pages\/26"}],"collection":[{"href":"https:\/\/www.puntoevirgolamamma.it\/index.php\/wp-json\/wp\/v2\/pages"}],"about":[{"href":"https:\/\/www.puntoevirgolamamma.it\/index.php\/wp-json\/wp\/v2\/types\/page"}],"author":[{"embeddable":true,"href":"https:\/\/www.puntoevirgolamamma.it\/index.php\/wp-json\/wp\/v2\/users\/1"}],"replies":[{"embeddable":true,"href":"https:\/\/www.puntoevirgolamamma.it\/index.php\/wp-json\/wp\/v2\/comments?post=26"}],"version-history":[{"count":5,"href":"https:\/\/www.puntoevirgolamamma.it\/index.php\/wp-json\/wp\/v2\/pages\/26\/revisions"}],"predecessor-version":[{"id":2628,"href":"https:\/\/www.puntoevirgolamamma.it\/index.php\/wp-json\/wp\/v2\/pages\/26\/revisions\/2628"}],"wp:attachment":[{"href":"https:\/\/www.puntoevirgolamamma.it\/index.php\/wp-json\/wp\/v2\/media?parent=26"}],"curies":[{"name":"wp","href":"https:\/\/api.w.org\/{rel}","templated":true}]}}